{"id":78,"date":"2025-01-13T15:23:09","date_gmt":"2025-01-13T15:23:09","guid":{"rendered":"https:\/\/ana.iconrads.de\/?page_id=78"},"modified":"2025-01-13T15:44:33","modified_gmt":"2025-01-13T15:44:33","slug":"shop","status":"publish","type":"page","link":"https:\/\/ana.iconrads.de\/?page_id=78","title":{"rendered":"Shop"},"content":{"rendered":"<p>&nbsp;<\/p>\n<p>Adele f\u00fchrt unteranderem auch einen wundersch\u00f6nen shop mit Vielfalt an dingen von hier spiele bis hin zu Vasen&#8230;<\/p>\n<p>Weiter Informationen :<\/p>\n<p><strong>Adeles Official Shop<\/strong><br \/>\nEntdecke exklusive Merchandise-Artikel aus Adeles Welt! Im offiziellen Shop findest du alles, was das Fanherz begehrt:<\/p>\n<ul>\n<li><strong>Kleidung &amp; Accessoires<\/strong>: T-Shirts, Hoodies, Taschen und mehr \u2013 mit einzigartigen Designs aus Adeles Alben und Tourneen.<\/li>\n<li><strong>Musik<\/strong>: Limited Editions, Vinyls und CDs \u2013 perfekt f\u00fcr Sammler und Musikliebhaber.<\/li>\n<li><strong>Tour-Merch<\/strong>: Exklusive Artikel aus Adeles Konzerten, ideal als Erinnerung an deine Erlebnisse.<\/li>\n<li><strong>Sammlerst\u00fccke<\/strong>: Limitierte Drucke und besondere Editionen f\u00fcr echte Fans.<\/li>\n<\/ul>\n<p>Der Shop bietet internationalen Versand und regelm\u00e4\u00dfige Updates mit neuen Produkten und Sonderaktionen. Hol dir dein St\u00fcck Adele und zeige deine Liebe zur Musik!<\/p>\n<p>&nbsp;<\/p>\n<p>Hier kommt ihr zum Shop :<\/p>\n<p><a href=\".\">http:\/\/Shop https:\/\/shopeu.adele.com\/products\/adele-munich-stein<\/a><\/p>\n<p>&nbsp;<\/p>\n","protected":false},"excerpt":{"rendered":"<p>&nbsp; Adele f\u00fchrt unteranderem auch einen wundersch\u00f6nen shop mit Vielfalt an dingen von hier spiele bis hin zu Vasen&#8230; Weiter Informationen : Adeles Official Shop Entdecke exklusive Merchandise-Artikel aus Adeles Welt! Im offiziellen Shop findest du alles, was das Fanherz begehrt: Kleidung &amp; Accessoires: T-Shirts, Hoodies, Taschen und mehr \u2013 mit einzigartigen Designs aus Adeles &hellip; <\/p>\n<p class=\"link-more\"><a href=\"https:\/\/ana.iconrads.de\/?page_id=78\" class=\"more-link\">Mehr <span class=\"screen-reader-text\">\u00fcber &#8222;Shop&#8220; <\/span>Lesen<\/a><\/p>\n","protected":false},"author":1,"featured_media":86,"parent":0,"menu_order":0,"comment_status":"closed","ping_status":"closed","template":"","meta":{"footnotes":""},"class_list":["post-78","page","type-page","status-publish","has-post-thumbnail","hentry"],"_links":{"self":[{"href":"https:\/\/ana.iconrads.de\/index.php?rest_route=\/wp\/v2\/pages\/78","targetHints":{"allow":["GET"]}}],"collection":[{"href":"https:\/\/ana.iconrads.de\/index.php?rest_route=\/wp\/v2\/pages"}],"about":[{"href":"https:\/\/ana.iconrads.de\/index.php?rest_route=\/wp\/v2\/types\/page"}],"author":[{"embeddable":true,"href":"https:\/\/ana.iconrads.de\/index.php?rest_route=\/wp\/v2\/users\/1"}],"replies":[{"embeddable":true,"href":"https:\/\/ana.iconrads.de\/index.php?rest_route=%2Fwp%2Fv2%2Fcomments&post=78"}],"version-history":[{"count":4,"href":"https:\/\/ana.iconrads.de\/index.php?rest_route=\/wp\/v2\/pages\/78\/revisions"}],"predecessor-version":[{"id":85,"href":"https:\/\/ana.iconrads.de\/index.php?rest_route=\/wp\/v2\/pages\/78\/revisions\/85"}],"wp:featuredmedia":[{"embeddable":true,"href":"https:\/\/ana.iconrads.de\/index.php?rest_route=\/wp\/v2\/media\/86"}],"wp:attachment":[{"href":"https:\/\/ana.iconrads.de\/index.php?rest_route=%2Fwp%2Fv2%2Fmedia&parent=78"}],"curies":[{"name":"wp","href":"https:\/\/api.w.org\/{rel}","templated":true}]}}