{"id":19,"date":"2024-12-03T18:29:37","date_gmt":"2024-12-03T18:29:37","guid":{"rendered":"https:\/\/ana.iconrads.de\/?page_id=19"},"modified":"2025-01-13T15:47:16","modified_gmt":"2025-01-13T15:47:16","slug":"contact-2","status":"publish","type":"page","link":"https:\/\/ana.iconrads.de\/?page_id=19","title":{"rendered":"Songs"},"content":{"rendered":"<p>&nbsp;<\/p>\n<div class=\"flex-shrink-0 flex flex-col relative items-end\">\n<div>\n<div class=\"pt-0\">\n<div class=\"gizmo-bot-avatar flex h-8 w-8 items-center justify-center overflow-hidden rounded-full\">\n<div class=\"relative p-1 rounded-sm flex items-center justify-center bg-token-main-surface-primary text-token-text-primary h-8 w-8\">Zu aller erst kommt ihr mit diesem link auf Adeles \u00f6ffentliches Spotify Konto, Viel Spa\u00df beim anh\u00f6ren !!!<\/div>\n<div>\u00a0<a href=\"https:\/\/open.spotify.com\/artist\/4dpARuHxo51G3z768sgnrY?si=XyluW3AMRH6dXBgTwv4FPQ\">https:\/\/open.spotify.com\/artist\/4dpARuHxo51G3z768sgnrY?si=XyluW3AMRH6dXBgTwv4FPQ<\/a><\/div>\n<\/div>\n<\/div>\n<\/div>\n<\/div>\n<div class=\"group\/conversation-turn relative flex w-full min-w-0 flex-col agent-turn\">\n<div class=\"flex-col gap-1 md:gap-3\">\n<div class=\"flex max-w-full flex-col flex-grow\">\n<div class=\"min-h-8 text-message flex w-full flex-col items-end gap-2 whitespace-normal break-words text-start [.text-message+&amp;]:mt-5\" dir=\"auto\" data-message-author-role=\"assistant\" data-message-id=\"7cde2e79-8388-4d51-aa80-a997a6b2549b\" data-message-model-slug=\"gpt-4o-mini\">\n<div class=\"flex w-full flex-col gap-1 empty:hidden first:pt-[3px]\">\n<div class=\"markdown prose w-full break-words dark:prose-invert light\">\n<p>&nbsp;<\/p>\n<p>Sieben der beliebtesten Songs von Adele:<\/p>\n<ol>\n<li><strong>Someone Like You<\/strong> (2011)<br \/>\nEiner ihrer bekanntesten und emotionalsten Songs, der sich mit Herzschmerz und Verlust auseinandersetzt.<\/li>\n<li><strong>Rolling in the Deep<\/strong> (2010)<br \/>\nEin kraftvoller Song, der Adeles markante Stimme und ihre F\u00e4higkeit, Emotionen zu transportieren, perfekt zur Geltung bringt.<\/li>\n<li><strong>Hello<\/strong> (2015)<br \/>\nDie Lead-Single aus ihrem Album <em>25<\/em> wurde zu einem weltweiten Hit und ist ein kraftvolles Comeback nach einer l\u00e4ngeren Pause.<\/li>\n<li><strong>Set Fire to the Rain<\/strong> (2011)<br \/>\nEin weiterer Hit aus dem Album <em>21<\/em>, der sowohl in den Charts als auch bei den Fans sehr gut ankam.<\/li>\n<li><strong>Chasing Pavements<\/strong> (2008)<br \/>\nDer Song aus ihrem Deb\u00fctalbum <em>19<\/em> verhalf ihr zum internationalen Durchbruch.<\/li>\n<li><strong>When We Were Young<\/strong> (2015)<br \/>\nEin nostalgischer und gef\u00fchlvoller Song \u00fcber vergangene Zeiten, der stark von Adeles starker Stimme getragen wird.<\/li>\n<li><strong>Make You Feel My Love<\/strong> (2008)<br \/>\nEine Coverversion von Bob Dylans Song, die Adele in ihrem eigenen, emotionalen Stil interpretiert.<\/li>\n<\/ol>\n<\/div>\n<\/div>\n<\/div>\n<\/div>\n<\/div>\n<\/div>\n<p>&nbsp;<\/p>\n<p>&nbsp;<\/p>\n<p>Adeles Songs zeichnen sich durch mehrere markante Merkmale aus, die ihren Erfolg und ihre gro\u00dfe Beliebtheit ausmachen. Hier sind einige wichtige Aspekte, die man \u00fcber ihre Musik wissen sollte:<\/p>\n<h3>1. <strong>Emotionale Tiefe und Authentizit\u00e4t<\/strong><\/h3>\n<p>Adeles Songs sind oft von starken emotionalen Themen gepr\u00e4gt, insbesondere von Liebe, Herzschmerz und Verlust. Ihre Texte sind sehr pers\u00f6nlich und authentisch, was eine tiefere Verbindung zu ihren H\u00f6rern herstellt. Adele hat sich immer wieder in ihren Songs mit ihren eigenen Erfahrungen und Gef\u00fchlen auseinandergesetzt, was ihre Musik sowohl ber\u00fchrend als auch glaubw\u00fcrdig macht.<\/p>\n<h3>2. <strong>Stimmliche Kraft und Ausdruck<\/strong><\/h3>\n<p>Adele ist bekannt f\u00fcr ihre au\u00dfergew\u00f6hnliche Stimme \u2013 eine kraftvolle, tief und gleichzeitig sehr gef\u00fchlvolle Sopranstimme. Ihre F\u00e4higkeit, Emotionen durch ihre Stimme zu transportieren, ist eine ihrer gr\u00f6\u00dften St\u00e4rken. Ihre Vokale reichen von sanft und zerbrechlich bis hin zu kraftvoll und dramatisch, was ihre Songs sowohl intim als auch episch macht.<\/p>\n<h3>3. <strong>Einfl\u00fcsse aus verschiedenen Musikrichtungen<\/strong><\/h3>\n<p>Obwohl sie vor allem als Pop- und Soul-S\u00e4ngerin bekannt ist, l\u00e4sst sich in Adeles Musik eine breite Palette von Einfl\u00fcssen finden. Sie nimmt Anleihen bei Jazz, Blues, R&amp;B und auch klassischem Pop. Ihre Musik lebt von einem modernen Sound, kombiniert mit klassischen Elementen, was sie sowohl zeitgem\u00e4\u00df als auch zeitlos macht.<\/p>\n<h3>4. <strong>Erfolgreiche Alben und Singles<\/strong><\/h3>\n<p>Adeles Alben, wie <em>19<\/em> (2008), <em>21<\/em> (2011), <em>25<\/em> (2015) und <em>30<\/em> (2021), sind kommerziell \u00e4u\u00dferst erfolgreich. Besonders das Album <em>21<\/em> wurde zu einem weltweiten Ph\u00e4nomen und brachte ihr zahlreiche Auszeichnungen ein, darunter mehrere Grammys. Viele ihrer Singles, wie \u201eSomeone Like You\u201c, \u201eRolling in the Deep\u201c und \u201eHello\u201c, sind zu weltweiten Hits geworden und haben ihre Karriere entscheidend gepr\u00e4gt.<\/p>\n<h3>5. <strong>Themen der Selbstfindung und Reife<\/strong><\/h3>\n<p>In Adeles sp\u00e4teren Alben, wie <em>25<\/em> und <em>30<\/em>, finden sich auch Themen der Selbstfindung und des Erwachsenwerdens. Sie reflektiert \u00fcber ihr eigenes Leben, ihre Beziehungen und die Herausforderungen des Erwachsenseins. Dabei zeigt sich eine starke pers\u00f6nliche Weiterentwicklung, sowohl im Inhalt ihrer Musik als auch im musikalischen Stil.<\/p>\n<h3>6. <strong>Minimalistische Arrangements und gro\u00dfe Emotionen<\/strong><\/h3>\n<p>Viele von Adeles Songs zeichnen sich durch minimalistische Arrangements aus. Oft beginnt ein Lied mit nur Klavierbegleitung oder sanften Gitarrenkl\u00e4ngen, bevor es sich zu einem emotionalen H\u00f6hepunkt steigert. Diese reduzierte Musikalit\u00e4t stellt sicher, dass ihre Stimme und die Tiefe der Texte im Vordergrund stehen.<\/p>\n<h3>7. <strong>Internationaler Erfolg und Kritikerlob<\/strong><\/h3>\n<p>Adele hat in ihrer Karriere nicht nur kommerziellen Erfolg erzielt, sondern auch breite Anerkennung von Kritikern und Musikexperten erhalten. Sie hat zahlreiche prestigetr\u00e4chtige Auszeichnungen gewonnen, darunter mehrere Grammys, Brit Awards und einen Oscar f\u00fcr den Song \u201eSkyfall\u201c (2012), der f\u00fcr den gleichnamigen James-Bond-Film geschrieben wurde.<\/p>\n<h3>8. <strong>Verbindung zu den H\u00f6rern<\/strong><\/h3>\n<p>Adeles Songs schaffen eine einzigartige Verbindung zu ihren Fans. Ihre Texte sind oft so universell und zug\u00e4nglich, dass sie viele Menschen ansprechen. Ob durch eine schwierige Trennung, den Verlust eines geliebten Menschen oder das Reflektieren \u00fcber die eigene Vergangenheit \u2013 ihre Musik spricht oft die tiefsten emotionalen Bed\u00fcrfnisse der H\u00f6rer an.<\/p>\n<h3>9. <strong>R\u00fcckzugsphasen und \u00d6ffnung gegen\u00fcber der \u00d6ffentlichkeit<\/strong><\/h3>\n<p>Adeles \u00f6ffentliche Erscheinung ist nicht so konstant wie die ihrer Kollegen. Sie hat sich nach ihrem internationalen Durchbruch immer wieder aus der \u00d6ffentlichkeit zur\u00fcckgezogen, um sich auf ihr Privatleben und ihre Familie zu konzentrieren. Diese Phasen der Stille haben ihr geholfen, sich weiterzuentwickeln und neue Perspektiven in ihre Musik zu integrieren. In ihren Alben spiegelt sich oft eine pers\u00f6nliche Reise wider, was ihr Authentizit\u00e4t verleiht.<\/p>\n<h3>10. <strong>Einfluss auf die Musikindustrie<\/strong><\/h3>\n<p>Adeles Erfolg hat nicht nur ihre eigene Karriere vorangetrieben, sondern auch einen bedeutenden Einfluss auf die Musikindustrie insgesamt. Sie hat dazu beigetragen, den klassischen, gef\u00fchlvollen Pop-Song zur\u00fcckzubringen, der weniger von schnellen Trends gepr\u00e4gt ist und mehr auf musikalischer Substanz basiert. Sie hat damit auch den Weg f\u00fcr andere K\u00fcnstler geebnet, die weniger auf kommerziellen Erfolg und mehr auf Authentizit\u00e4t setzen.<\/p>\n<p>&nbsp;<\/p>\n<p>&nbsp;<\/p>\n","protected":false},"excerpt":{"rendered":"<p>&nbsp; Zu aller erst kommt ihr mit diesem link auf Adeles \u00f6ffentliches Spotify Konto, Viel Spa\u00df beim anh\u00f6ren !!! \u00a0https:\/\/open.spotify.com\/artist\/4dpARuHxo51G3z768sgnrY?si=XyluW3AMRH6dXBgTwv4FPQ &nbsp; Sieben der beliebtesten Songs von Adele: Someone Like You (2011) Einer ihrer bekanntesten und emotionalsten Songs, der sich mit Herzschmerz und Verlust auseinandersetzt. Rolling in the Deep (2010) Ein kraftvoller Song, der Adeles markante &hellip; <\/p>\n<p class=\"link-more\"><a href=\"https:\/\/ana.iconrads.de\/?page_id=19\" class=\"more-link\">Mehr <span class=\"screen-reader-text\">\u00fcber &#8222;Songs&#8220; <\/span>Lesen<\/a><\/p>\n","protected":false},"author":1,"featured_media":58,"parent":0,"menu_order":0,"comment_status":"closed","ping_status":"closed","template":"","meta":{"footnotes":""},"class_list":["post-19","page","type-page","status-publish","has-post-thumbnail","hentry"],"_links":{"self":[{"href":"https:\/\/ana.iconrads.de\/index.php?rest_route=\/wp\/v2\/pages\/19","targetHints":{"allow":["GET"]}}],"collection":[{"href":"https:\/\/ana.iconrads.de\/index.php?rest_route=\/wp\/v2\/pages"}],"about":[{"href":"https:\/\/ana.iconrads.de\/index.php?rest_route=\/wp\/v2\/types\/page"}],"author":[{"embeddable":true,"href":"https:\/\/ana.iconrads.de\/index.php?rest_route=\/wp\/v2\/users\/1"}],"replies":[{"embeddable":true,"href":"https:\/\/ana.iconrads.de\/index.php?rest_route=%2Fwp%2Fv2%2Fcomments&post=19"}],"version-history":[{"count":7,"href":"https:\/\/ana.iconrads.de\/index.php?rest_route=\/wp\/v2\/pages\/19\/revisions"}],"predecessor-version":[{"id":89,"href":"https:\/\/ana.iconrads.de\/index.php?rest_route=\/wp\/v2\/pages\/19\/revisions\/89"}],"wp:featuredmedia":[{"embeddable":true,"href":"https:\/\/ana.iconrads.de\/index.php?rest_route=\/wp\/v2\/media\/58"}],"wp:attachment":[{"href":"https:\/\/ana.iconrads.de\/index.php?rest_route=%2Fwp%2Fv2%2Fmedia&parent=19"}],"curies":[{"name":"wp","href":"https:\/\/api.w.org\/{rel}","templated":true}]}}