{"id":18,"date":"2024-12-03T18:29:37","date_gmt":"2024-12-03T18:29:37","guid":{"rendered":"https:\/\/ana.iconrads.de\/?page_id=18"},"modified":"2025-01-13T15:49:52","modified_gmt":"2025-01-13T15:49:52","slug":"about","status":"publish","type":"page","link":"https:\/\/ana.iconrads.de\/?page_id=18","title":{"rendered":"About"},"content":{"rendered":"<p>&nbsp;<\/p>\r\n<p>&nbsp;<\/p>\r\n<p>&nbsp;<\/p>\r\n<p><strong>Steckbrief \u00fcber Adele:\u00a0<\/strong><\/p>\r\n<p>Adele, mit vollem Namen Adele Laurie Blue Adkins, wurde am 5. Mai 1988 in Tottenham, London, geboren. Sie ist eine britische S\u00e4ngerin und Songwriterin, die international zu einer der erfolgreichsten und einflussreichsten K\u00fcnstlerinnen ihrer Generation z\u00e4hlt. Ihre markante, tief emotionale Stimme und ihre authentischen Songs haben ihr eine riesige Fangemeinde eingebracht.<\/p>\r\n<p>Adele wuchs in einem eher bescheidenen Umfeld auf und zeigte schon fr\u00fch Interesse an Musik. Sie besuchte die Brit School for Performing Arts and Technology, wo sie ihre musikalische Ausbildung erhielt und ihre Karriere begann. 2008 erlangte sie durch ihr erstes Album <em>19<\/em> erste Bekanntheit, insbesondere mit dem Hit \u201eChasing Pavements\u201c.<\/p>\r\n<p>Ihr zweites Album, <em>21<\/em>, das 2011 ver\u00f6ffentlicht wurde, katapultierte sie endg\u00fcltig in die Weltspitze. Mit weltweiten Hits wie \u201eRolling in the Deep\u201c und \u201eSomeone Like You\u201c eroberte sie nicht nur die Charts, sondern auch zahlreiche Preise, darunter mehrere Grammys. Adele wurde f\u00fcr ihre F\u00e4higkeit gefeiert, ihre pers\u00f6nlichen Erlebnisse in kraftvolle und emotionale Songs umzusetzen.<\/p>\r\n<p>2015 folgte das Album <em>25<\/em>, das ebenfalls kommerziell erfolgreich war und weitere Hits wie \u201eHello\u201c hervorbrachte. Auch dieses Werk brachte ihr zahlreiche Auszeichnungen und Best\u00e4tigung als eine der bedeutendsten K\u00fcnstlerinnen der Musikszene.<\/p>\r\n<p>Adele ist bekannt f\u00fcr ihre bodenst\u00e4ndige Pers\u00f6nlichkeit und ihre Offenheit in Bezug auf ihre pers\u00f6nlichen K\u00e4mpfe, etwa mit ihrer Gewichtsabnahme und ihrer Reise zur Selbstakzeptanz. Trotz ihres weltweiten Ruhms ist sie ihrer Heimat und ihrer Familie stets treu geblieben. Ihre Texte sind h\u00e4ufig von Themen wie Herzschmerz, Liebe und Verlust gepr\u00e4gt, was viele ihrer Fans emotional anspricht.<\/p>\r\n<p>Neben ihrer Musik hat Adele auch in sozialen Medien und in der \u00d6ffentlichkeit eine gro\u00dfe Pr\u00e4senz, wobei sie es immer wieder schafft, sich authentisch zu zeigen und mit ihren Fans auf Augenh\u00f6he zu kommunizieren. Ihr Einfluss auf die Musikindustrie und die Popkultur ist unbestreitbar, und sie bleibt eine der beliebtesten und bewunderten K\u00fcnstlerinnen weltweit.<\/p>\r\n<div class=\"wp-block-cover alignfull\" style=\"min-height: 316px; padding: 50px;\">\r\n<div class=\"wp-block-cover__inner-container\">\r\n<div class=\"wp-block-columns are-vertically-aligned-center\">\r\n<div class=\"wp-block-column is-vertically-aligned-center\" style=\"padding: 20px 0px 20px 0px;\">\r\n<div class=\"wp-block-group\">\r\n<figure class=\"wp-block-image size-full\"><img loading=\"lazy\" decoding=\"async\" class=\"wp-image-67 aligncenter\" src=\"https:\/\/ana.iconrads.de\/wp-content\/uploads\/2025\/01\/image-5-216x300.jpeg\" alt=\"\" width=\"395\" height=\"549\" srcset=\"https:\/\/ana.iconrads.de\/wp-content\/uploads\/2025\/01\/image-5-216x300.jpeg 216w, https:\/\/ana.iconrads.de\/wp-content\/uploads\/2025\/01\/image-5.jpeg 340w\" sizes=\"auto, (max-width: 395px) 100vw, 395px\" \/><img decoding=\"async\" src=\"https:\/\/ana.iconrads.de\/wp-content\/themes\/inspiro\/assets\/images\/laurel_left.png\" alt=\"\" \/><\/figure>\r\n<p>Adele hat selbstverst\u00e4ndlich auch einen Instergram account, wo Sie ihre Fans immer auf dem laufenden h\u00e4lt, schaut gerne mal vorbei.<\/p>\r\n<p><a href=\"https:\/\/www.instagram.com\/adele?igsh=MTF6MmJjNzhrZGQzdA==\">https:\/\/www.instagram.com\/adele?igsh=MTF6MmJjNzhrZGQzdA==<\/a><\/p>\r\n<!-- \/wp:post-content -->\r\n\r\n<!-- wp:group -->\r\n<div class=\"wp-block-group\"><!-- wp:paragraph {\"align\":\"center\",\"style\":{\"typography\":{\"lineHeight\":\"1\",\"fontSize\":\"18px\"}},\"textColor\":\"white\"} --><\/div>\r\n<figure class=\"wp-block-image size-full\"><\/figure>\r\n<!-- \/wp:paragraph --><\/div>\r\n<!-- \/wp:group --><\/div>\r\n<!-- \/wp:column -->\r\n\r\n<!-- wp:column {\"verticalAlignment\":\"center\",\"style\":{\"spacing\":{\"padding\":{\"top\":\"20px\",\"right\":\"0px\",\"bottom\":\"20px\",\"left\":\"0px\"}}}} -->\r\n<div class=\"wp-block-column is-vertically-aligned-center\" style=\"padding: 20px 0px 20px 0px;\"><!-- wp:group {\"style\":{\"spacing\":{\"blockGap\":\"0px\"}},\"layout\":{\"type\":\"flex\",\"allowOrientation\":false,\"justifyContent\":\"space-between\",\"flexWrap\":\"nowrap\"}} -->\r\n<div class=\"wp-block-group\"><!-- wp:image {\"sizeSlug\":\"full\",\"linkDestination\":\"none\"} -->\r\n<figure class=\"wp-block-image size-full\"><img decoding=\"async\" src=\"https:\/\/ana.iconrads.de\/wp-content\/themes\/inspiro\/assets\/images\/laurel_left.png\" alt=\"\" \/><\/figure>\r\n<!-- \/wp:image -->\r\n\r\n<!-- wp:group -->\r\n<div class=\"wp-block-group\"><!-- wp:paragraph {\"align\":\"center\",\"style\":{\"typography\":{\"lineHeight\":\"1\",\"fontSize\":\"18px\"}},\"textColor\":\"white\"} --><\/div>\r\n<\/div>\r\n<\/div>\r\n<div class=\"wp-block-column is-vertically-aligned-center\" style=\"padding: 20px 0px 20px 0px;\">\r\n<div class=\"wp-block-group\">\r\n<figure class=\"wp-block-image size-full\"><\/figure>\r\n<!-- \/wp:image --><\/div>\r\n<!-- \/wp:group --><\/div>\r\n<!-- \/wp:column --><\/div>\r\n<!-- \/wp:columns --><\/div>\r\n<\/div>\r\n<!-- \/wp:cover -->","protected":false},"excerpt":{"rendered":"<p>&nbsp; &nbsp; &nbsp; Steckbrief \u00fcber Adele:\u00a0 Adele, mit vollem Namen Adele Laurie Blue Adkins, wurde am 5. Mai 1988 in Tottenham, London, geboren. Sie ist eine britische S\u00e4ngerin und Songwriterin, die international zu einer der erfolgreichsten und einflussreichsten K\u00fcnstlerinnen ihrer Generation z\u00e4hlt. Ihre markante, tief emotionale Stimme und ihre authentischen Songs haben ihr eine riesige &hellip; <\/p>\n<p class=\"link-more\"><a href=\"https:\/\/ana.iconrads.de\/?page_id=18\" class=\"more-link\">Mehr <span class=\"screen-reader-text\">\u00fcber &#8222;About&#8220; <\/span>Lesen<\/a><\/p>\n","protected":false},"author":1,"featured_media":36,"parent":0,"menu_order":0,"comment_status":"closed","ping_status":"closed","template":"","meta":{"footnotes":""},"class_list":["post-18","page","type-page","status-publish","has-post-thumbnail","hentry"],"_links":{"self":[{"href":"https:\/\/ana.iconrads.de\/index.php?rest_route=\/wp\/v2\/pages\/18","targetHints":{"allow":["GET"]}}],"collection":[{"href":"https:\/\/ana.iconrads.de\/index.php?rest_route=\/wp\/v2\/pages"}],"about":[{"href":"https:\/\/ana.iconrads.de\/index.php?rest_route=\/wp\/v2\/types\/page"}],"author":[{"embeddable":true,"href":"https:\/\/ana.iconrads.de\/index.php?rest_route=\/wp\/v2\/users\/1"}],"replies":[{"embeddable":true,"href":"https:\/\/ana.iconrads.de\/index.php?rest_route=%2Fwp%2Fv2%2Fcomments&post=18"}],"version-history":[{"count":7,"href":"https:\/\/ana.iconrads.de\/index.php?rest_route=\/wp\/v2\/pages\/18\/revisions"}],"predecessor-version":[{"id":90,"href":"https:\/\/ana.iconrads.de\/index.php?rest_route=\/wp\/v2\/pages\/18\/revisions\/90"}],"wp:featuredmedia":[{"embeddable":true,"href":"https:\/\/ana.iconrads.de\/index.php?rest_route=\/wp\/v2\/media\/36"}],"wp:attachment":[{"href":"https:\/\/ana.iconrads.de\/index.php?rest_route=%2Fwp%2Fv2%2Fmedia&parent=18"}],"curies":[{"name":"wp","href":"https:\/\/api.w.org\/{rel}","templated":true}]}}